{"id":33,"date":"2024-10-03T01:31:11","date_gmt":"2024-10-02T23:31:11","guid":{"rendered":"http:\/\/www.fidesk.fr\/?page_id=33"},"modified":"2024-10-21T21:27:17","modified_gmt":"2024-10-21T19:27:17","slug":"nos-offres","status":"publish","type":"page","link":"https:\/\/www.fidesk.fr\/index.php\/nos-offres\/","title":{"rendered":"Nos offres"},"content":{"rendered":"\t\t<div data-elementor-type=\"wp-page\" data-elementor-id=\"33\" class=\"elementor elementor-33\" data-elementor-post-type=\"page\">\n\t\t\t\t<div class=\"elementor-element elementor-element-88b0a0c e-flex e-con-boxed e-con e-parent\" data-id=\"88b0a0c\" data-element_type=\"container\" data-settings=\"{&quot;background_background&quot;:&quot;classic&quot;}\">\n\t\t\t\t\t<div class=\"e-con-inner\">\n\t\t\t\t<div class=\"elementor-element elementor-element-5bd0dd2 elementor-widget elementor-widget-heading\" data-id=\"5bd0dd2\" data-element_type=\"widget\" data-widget_type=\"heading.default\">\n\t\t\t\t<div class=\"elementor-widget-container\">\n\t\t\t<h2 class=\"elementor-heading-title elementor-size-default\">Nos offres<\/h2>\t\t<\/div>\n\t\t\t\t<\/div>\n\t\t\t\t\t<\/div>\n\t\t\t\t<\/div>\n\t\t<div class=\"elementor-element elementor-element-1ab6148 e-flex e-con-boxed e-con e-parent\" data-id=\"1ab6148\" data-element_type=\"container\">\n\t\t\t\t\t<div class=\"e-con-inner\">\n\t\t\t\t<div class=\"elementor-element elementor-element-9f6c687 elementor-widget elementor-widget-spacer\" data-id=\"9f6c687\" data-element_type=\"widget\" data-widget_type=\"spacer.default\">\n\t\t\t\t<div class=\"elementor-widget-container\">\n\t\t\t\t\t<div class=\"elementor-spacer\">\n\t\t\t<div class=\"elementor-spacer-inner\"><\/div>\n\t\t<\/div>\n\t\t\t\t<\/div>\n\t\t\t\t<\/div>\n\t\t\t\t\t<\/div>\n\t\t\t\t<\/div>\n\t\t<div class=\"elementor-element elementor-element-d686333 e-con-full e-flex e-con e-parent\" data-id=\"d686333\" data-element_type=\"container\">\n\t\t<div class=\"elementor-element elementor-element-16871da e-con-full e-flex e-con e-child\" data-id=\"16871da\" data-element_type=\"container\">\n\t\t\t\t<div class=\"elementor-element elementor-element-ce07fbd elementor-widget elementor-widget-image\" data-id=\"ce07fbd\" data-element_type=\"widget\" data-widget_type=\"image.default\">\n\t\t\t\t<div class=\"elementor-widget-container\">\n\t\t\t\t\t\t\t\t\t\t\t\t\t<img fetchpriority=\"high\" decoding=\"async\" width=\"1920\" height=\"1280\" src=\"https:\/\/www.fidesk.fr\/wp-content\/uploads\/2024\/10\/business-graphs-calculator-computer-keyboard-pen-magnifying-glass-scaled.webp\" class=\"attachment-full size-full wp-image-119\" alt=\"\" srcset=\"https:\/\/www.fidesk.fr\/wp-content\/uploads\/2024\/10\/business-graphs-calculator-computer-keyboard-pen-magnifying-glass-scaled.webp 1920w, https:\/\/www.fidesk.fr\/wp-content\/uploads\/2024\/10\/business-graphs-calculator-computer-keyboard-pen-magnifying-glass-300x200.webp 300w, https:\/\/www.fidesk.fr\/wp-content\/uploads\/2024\/10\/business-graphs-calculator-computer-keyboard-pen-magnifying-glass-1024x683.webp 1024w, https:\/\/www.fidesk.fr\/wp-content\/uploads\/2024\/10\/business-graphs-calculator-computer-keyboard-pen-magnifying-glass-768x512.webp 768w, https:\/\/www.fidesk.fr\/wp-content\/uploads\/2024\/10\/business-graphs-calculator-computer-keyboard-pen-magnifying-glass-1536x1024.webp 1536w\" sizes=\"(max-width: 1920px) 100vw, 1920px\" \/>\t\t\t\t\t\t\t\t\t\t\t\t\t<\/div>\n\t\t\t\t<\/div>\n\t\t\t\t<\/div>\n\t\t<div class=\"elementor-element elementor-element-1f38a3b e-con-full e-flex e-con e-child\" data-id=\"1f38a3b\" data-element_type=\"container\">\n\t\t\t\t<div class=\"elementor-element elementor-element-acf229f elementor-widget elementor-widget-heading\" data-id=\"acf229f\" data-element_type=\"widget\" data-widget_type=\"heading.default\">\n\t\t\t\t<div class=\"elementor-widget-container\">\n\t\t\t<h1 class=\"elementor-heading-title elementor-size-default\">Optimisation de l'Exp\u00e9rience Client\n<\/h1>\t\t<\/div>\n\t\t\t\t<\/div>\n\t\t\t\t<div class=\"elementor-element elementor-element-d154066 elementor-widget elementor-widget-heading\" data-id=\"d154066\" data-element_type=\"widget\" data-widget_type=\"heading.default\">\n\t\t\t\t<div class=\"elementor-widget-container\">\n\t\t\t<h3 class=\"elementor-heading-title elementor-size-default\">Faites de chaque interaction un moment d'exception.<\/h3>\t\t<\/div>\n\t\t\t\t<\/div>\n\t\t\t\t<div class=\"elementor-element elementor-element-3597c13 elementor-widget elementor-widget-text-editor\" data-id=\"3597c13\" data-element_type=\"widget\" data-widget_type=\"text-editor.default\">\n\t\t\t\t<div class=\"elementor-widget-container\">\n\t\t\t\t\t\t\t<p>Dans un environnement o\u00f9 les attentes des consommateurs sont en constante \u00e9volution, l\u2019exp\u00e9rience client est un levier strat\u00e9gique pour la comp\u00e9titivit\u00e9 des entreprises. Les consommateurs exigent des interactions simples, fluides et personnalis\u00e9es. Fidesk vous aide \u00e0 transformer chaque point de contact en une opportunit\u00e9 de fid\u00e9lisation et d&#8217;engagement. Voici comment nous proc\u00e9dons :<\/p><ul><li><strong>Analyse compl\u00e8te du parcours client<\/strong> : Nous identifions les points de friction dans votre parcours client actuel, qu\u2019il s\u2019agisse du premier contact ou du service apr\u00e8s-vente, pour proposer des solutions d&#8217;am\u00e9lioration concr\u00e8tes.<\/li><\/ul><ul><li><strong>Strat\u00e9gies de personnalisation<\/strong> : Gr\u00e2ce \u00e0 notre expertise en outils CRM et solutions digitales, nous mettons en place des processus qui permettent de personnaliser les interactions selon le profil et les attentes de chaque client.<\/li><\/ul><ul><li><strong>Transformation des donn\u00e9es en actions<\/strong> : Nous vous aidons \u00e0 utiliser les donn\u00e9es clients pour anticiper leurs besoins, r\u00e9pondre rapidement \u00e0 leurs questions, et leur proposer des offres sur mesure.<\/li><\/ul><p><strong>R\u00e9sultat?<\/strong> Vos clients vivent une exp\u00e9rience unique et m\u00e9morable \u00e0 chaque \u00e9tape de leur parcours, renfor\u00e7ant ainsi leur fid\u00e9lit\u00e9 \u00e0 votre marque.<\/p>\t\t\t\t\t\t<\/div>\n\t\t\t\t<\/div>\n\t\t\t\t<\/div>\n\t\t\t\t<\/div>\n\t\t<div class=\"elementor-element elementor-element-d8b0a69 e-flex e-con-boxed e-con e-parent\" data-id=\"d8b0a69\" data-element_type=\"container\">\n\t\t\t\t\t<div class=\"e-con-inner\">\n\t\t\t\t<div class=\"elementor-element elementor-element-666b184 elementor-widget elementor-widget-spacer\" data-id=\"666b184\" data-element_type=\"widget\" data-widget_type=\"spacer.default\">\n\t\t\t\t<div class=\"elementor-widget-container\">\n\t\t\t\t\t<div class=\"elementor-spacer\">\n\t\t\t<div class=\"elementor-spacer-inner\"><\/div>\n\t\t<\/div>\n\t\t\t\t<\/div>\n\t\t\t\t<\/div>\n\t\t\t\t\t<\/div>\n\t\t\t\t<\/div>\n\t\t<div class=\"elementor-element elementor-element-07465e6 e-con-full e-flex e-con e-parent\" data-id=\"07465e6\" data-element_type=\"container\">\n\t\t<div class=\"elementor-element elementor-element-d7513af e-con-full e-flex e-con e-child\" data-id=\"d7513af\" data-element_type=\"container\">\n\t\t\t\t<div class=\"elementor-element elementor-element-8f9b78b elementor-widget elementor-widget-image\" data-id=\"8f9b78b\" data-element_type=\"widget\" data-widget_type=\"image.default\">\n\t\t\t\t<div class=\"elementor-widget-container\">\n\t\t\t\t\t\t\t\t\t\t\t\t\t<img decoding=\"async\" width=\"2560\" height=\"1462\" src=\"https:\/\/www.fidesk.fr\/wp-content\/uploads\/2024\/10\/photo-pour-la-page-daccueil-scaled.jpg\" class=\"attachment-full size-full wp-image-73\" alt=\"\" srcset=\"https:\/\/www.fidesk.fr\/wp-content\/uploads\/2024\/10\/photo-pour-la-page-daccueil-scaled.jpg 2560w, https:\/\/www.fidesk.fr\/wp-content\/uploads\/2024\/10\/photo-pour-la-page-daccueil-300x171.jpg 300w, https:\/\/www.fidesk.fr\/wp-content\/uploads\/2024\/10\/photo-pour-la-page-daccueil-1024x585.jpg 1024w, https:\/\/www.fidesk.fr\/wp-content\/uploads\/2024\/10\/photo-pour-la-page-daccueil-768x439.jpg 768w, https:\/\/www.fidesk.fr\/wp-content\/uploads\/2024\/10\/photo-pour-la-page-daccueil-1536x877.jpg 1536w, https:\/\/www.fidesk.fr\/wp-content\/uploads\/2024\/10\/photo-pour-la-page-daccueil-2048x1170.jpg 2048w\" sizes=\"(max-width: 2560px) 100vw, 2560px\" \/>\t\t\t\t\t\t\t\t\t\t\t\t\t<\/div>\n\t\t\t\t<\/div>\n\t\t\t\t<\/div>\n\t\t<div class=\"elementor-element elementor-element-5d5fa80 e-con-full e-flex e-con e-child\" data-id=\"5d5fa80\" data-element_type=\"container\">\n\t\t\t\t<div class=\"elementor-element elementor-element-9d4d0e9 elementor-widget elementor-widget-heading\" data-id=\"9d4d0e9\" data-element_type=\"widget\" data-widget_type=\"heading.default\">\n\t\t\t\t<div class=\"elementor-widget-container\">\n\t\t\t<h1 class=\"elementor-heading-title elementor-size-default\">Gestion et optimisation du support client omnicanal<\/h1>\t\t<\/div>\n\t\t\t\t<\/div>\n\t\t\t\t<div class=\"elementor-element elementor-element-9dbe78b elementor-widget elementor-widget-heading\" data-id=\"9dbe78b\" data-element_type=\"widget\" data-widget_type=\"heading.default\">\n\t\t\t\t<div class=\"elementor-widget-container\">\n\t\t\t<h3 class=\"elementor-heading-title elementor-size-default\">Offrez \u00e0 vos clients une r\u00e9ponse rapide, coh\u00e9rente et efficace, quel que soit le canal de contact.\n<\/h3>\t\t<\/div>\n\t\t\t\t<\/div>\n\t\t\t\t<div class=\"elementor-element elementor-element-4a62ee9 elementor-widget elementor-widget-text-editor\" data-id=\"4a62ee9\" data-element_type=\"widget\" data-widget_type=\"text-editor.default\">\n\t\t\t\t<div class=\"elementor-widget-container\">\n\t\t\t\t\t\t\t<p>Dans un monde connect\u00e9, vos clients interagissent avec vous sur une multitude de canaux : t\u00e9l\u00e9phone, e-mail, chat en ligne, r\u00e9seaux sociaux, etc. Une gestion omnicanale efficace permet de maintenir une continuit\u00e9 dans la relation client, quel que soit le moyen utilis\u00e9. Chez Fidesk, nous vous aidons \u00e0 g\u00e9rer et optimiser ce support omnicanal pour garantir une satisfaction maximale. Nous vous proposons :<\/p><ul><li aria-level=\"1\"><strong>Mise en place d\u2019une plateforme omnicanale int\u00e9gr\u00e9e<\/strong> : Nous connectons tous vos canaux de communication dans un seul syst\u00e8me, assurant ainsi une r\u00e9ponse rapide et unifi\u00e9e \u00e0 chaque interaction.<\/li><\/ul><ul><li aria-level=\"1\"><strong>Automatisation intelligente<\/strong> : Gr\u00e2ce \u00e0 nos solutions d\u2019automatisation (chatbots, r\u00e9ponses automatiques), nous r\u00e9duisons les d\u00e9lais de r\u00e9ponse et permettons \u00e0 vos \u00e9quipes de se concentrer sur des t\u00e2ches \u00e0 plus forte valeur ajout\u00e9e.<\/li><\/ul><ul><li aria-level=\"1\"><strong>Formation des \u00e9quipes<\/strong> : Nous formons vos \u00e9quipes pour qu&#8217;elles utilisent efficacement les outils omnicanaux et fournissent des r\u00e9ponses personnalis\u00e9es, pertinentes et coh\u00e9rentes, ind\u00e9pendamment du canal choisi par le client.<\/li><\/ul><p><strong>Pourquoi est-ce important?<\/strong> Une gestion omnicanale optimis\u00e9e garantit \u00e0 vos clients une exp\u00e9rience fluide, sans rupture, et vous permet de r\u00e9pondre \u00e0 leurs attentes o\u00f9 qu&#8217;ils soient, quand ils en ont besoin.<\/p>\t\t\t\t\t\t<\/div>\n\t\t\t\t<\/div>\n\t\t\t\t<\/div>\n\t\t\t\t<\/div>\n\t\t<div class=\"elementor-element elementor-element-ead2ac2 e-flex e-con-boxed e-con e-parent\" data-id=\"ead2ac2\" data-element_type=\"container\">\n\t\t\t\t\t<div class=\"e-con-inner\">\n\t\t\t\t<div class=\"elementor-element elementor-element-8beac11 elementor-widget elementor-widget-spacer\" data-id=\"8beac11\" data-element_type=\"widget\" data-widget_type=\"spacer.default\">\n\t\t\t\t<div class=\"elementor-widget-container\">\n\t\t\t\t\t<div class=\"elementor-spacer\">\n\t\t\t<div class=\"elementor-spacer-inner\"><\/div>\n\t\t<\/div>\n\t\t\t\t<\/div>\n\t\t\t\t<\/div>\n\t\t\t\t\t<\/div>\n\t\t\t\t<\/div>\n\t\t<div class=\"elementor-element elementor-element-5a60a73 e-con-full e-flex e-con e-parent\" data-id=\"5a60a73\" data-element_type=\"container\">\n\t\t<div class=\"elementor-element elementor-element-4f3be88 e-con-full e-flex e-con e-child\" data-id=\"4f3be88\" data-element_type=\"container\">\n\t\t\t\t<div class=\"elementor-element elementor-element-6a7b5af elementor-widget elementor-widget-image\" data-id=\"6a7b5af\" data-element_type=\"widget\" data-widget_type=\"image.default\">\n\t\t\t\t<div class=\"elementor-widget-container\">\n\t\t\t\t\t\t\t\t\t\t\t\t\t<img decoding=\"async\" width=\"1920\" height=\"1280\" src=\"https:\/\/www.fidesk.fr\/wp-content\/uploads\/2024\/10\/magnifying-glass-charts-graphs-paper-financial-development-banking-account-statistics-investment-analytic-research-data-economy-stock-exchange-trading-business-office-company-meeting-concept-1-scaled.webp\" class=\"attachment-full size-full wp-image-121\" alt=\"\" srcset=\"https:\/\/www.fidesk.fr\/wp-content\/uploads\/2024\/10\/magnifying-glass-charts-graphs-paper-financial-development-banking-account-statistics-investment-analytic-research-data-economy-stock-exchange-trading-business-office-company-meeting-concept-1-scaled.webp 1920w, https:\/\/www.fidesk.fr\/wp-content\/uploads\/2024\/10\/magnifying-glass-charts-graphs-paper-financial-development-banking-account-statistics-investment-analytic-research-data-economy-stock-exchange-trading-business-office-company-meeting-concept-1-300x200.webp 300w, https:\/\/www.fidesk.fr\/wp-content\/uploads\/2024\/10\/magnifying-glass-charts-graphs-paper-financial-development-banking-account-statistics-investment-analytic-research-data-economy-stock-exchange-trading-business-office-company-meeting-concept-1-1024x683.webp 1024w, https:\/\/www.fidesk.fr\/wp-content\/uploads\/2024\/10\/magnifying-glass-charts-graphs-paper-financial-development-banking-account-statistics-investment-analytic-research-data-economy-stock-exchange-trading-business-office-company-meeting-concept-1-768x512.webp 768w, https:\/\/www.fidesk.fr\/wp-content\/uploads\/2024\/10\/magnifying-glass-charts-graphs-paper-financial-development-banking-account-statistics-investment-analytic-research-data-economy-stock-exchange-trading-business-office-company-meeting-concept-1-1536x1024.webp 1536w\" sizes=\"(max-width: 1920px) 100vw, 1920px\" \/>\t\t\t\t\t\t\t\t\t\t\t\t\t<\/div>\n\t\t\t\t<\/div>\n\t\t\t\t<\/div>\n\t\t<div class=\"elementor-element elementor-element-9f08e77 e-con-full e-flex e-con e-child\" data-id=\"9f08e77\" data-element_type=\"container\">\n\t\t\t\t<div class=\"elementor-element elementor-element-b1d3868 elementor-widget elementor-widget-heading\" data-id=\"b1d3868\" data-element_type=\"widget\" data-widget_type=\"heading.default\">\n\t\t\t\t<div class=\"elementor-widget-container\">\n\t\t\t<h1 class=\"elementor-heading-title elementor-size-default\">Suivi et analyse de la performance<\/h1>\t\t<\/div>\n\t\t\t\t<\/div>\n\t\t\t\t<div class=\"elementor-element elementor-element-8909ef4 elementor-widget elementor-widget-heading\" data-id=\"8909ef4\" data-element_type=\"widget\" data-widget_type=\"heading.default\">\n\t\t\t\t<div class=\"elementor-widget-container\">\n\t\t\t<h3 class=\"elementor-heading-title elementor-size-default\">Prenez des d\u00e9cisions \u00e9clair\u00e9es gr\u00e2ce \u00e0 des donn\u00e9es pr\u00e9cises et exploitables.<\/h3>\t\t<\/div>\n\t\t\t\t<\/div>\n\t\t\t\t<div class=\"elementor-element elementor-element-0c4af26 elementor-widget elementor-widget-text-editor\" data-id=\"0c4af26\" data-element_type=\"widget\" data-widget_type=\"text-editor.default\">\n\t\t\t\t<div class=\"elementor-widget-container\">\n\t\t\t\t\t\t\t<p>L&#8217;efficacit\u00e9 de vos interactions clients ne repose pas uniquement sur des r\u00e9ponses rapides ou des processus optimis\u00e9s. Elle d\u00e9pend aussi de votre capacit\u00e9 \u00e0 suivre les performances et \u00e0 ajuster votre strat\u00e9gie en cons\u00e9quence. Chez Fidesk, nous vous offrons des outils et des indicateurs qui vous permettent de mesurer chaque aspect de votre gestion de la relation client et d&#8217;am\u00e9liorer continuellement vos r\u00e9sultats. Nous vous proposons :<\/p><ul><li aria-level=\"1\"><strong>Tableaux de bord personnalis\u00e9s<\/strong> : Visualisez en temps r\u00e9el les donn\u00e9es cl\u00e9s de vos interactions clients (temps de r\u00e9ponse, taux de satisfaction, conversion, etc.) pour identifier rapidement les forces et les points \u00e0 am\u00e9liorer.<\/li><\/ul><ul><li aria-level=\"1\"><strong>Analyse de la performance client<\/strong> : Nous vous aidons \u00e0 interpr\u00e9ter les r\u00e9sultats pour affiner votre strat\u00e9gie, en mettant l\u2019accent sur les aspects qui influencent directement la fid\u00e9lit\u00e9 et la satisfaction client.<\/li><\/ul><ul><li aria-level=\"1\"><strong>Optimisation continue<\/strong> : En fonction des analyses, nous vous conseillons sur les ajustements n\u00e9cessaires (dans vos processus ou outils) pour optimiser votre support et vos interactions clients sur le long terme.<\/li><\/ul><p>\u00a0<\/p>\t\t\t\t\t\t<\/div>\n\t\t\t\t<\/div>\n\t\t\t\t<\/div>\n\t\t\t\t<\/div>\n\t\t\t\t<\/div>\n\t\t","protected":false},"excerpt":{"rendered":"<p>Nos offres Optimisation de l&#8217;Exp\u00e9rience Client Faites de chaque interaction un moment d&#8217;exception. Dans un environnement o\u00f9 les attentes des consommateurs sont en constante \u00e9volution, l\u2019exp\u00e9rience client est un levier strat\u00e9gique pour la comp\u00e9titivit\u00e9 des entreprises. Les consommateurs exigent des interactions simples, fluides et personnalis\u00e9es. Fidesk vous aide \u00e0 transformer chaque point de contact en [&hellip;]<\/p>\n","protected":false},"author":1,"featured_media":0,"parent":0,"menu_order":0,"comment_status":"closed","ping_status":"closed","template":"","meta":{"footnotes":""},"class_list":["post-33","page","type-page","status-publish","hentry"],"_links":{"self":[{"href":"https:\/\/www.fidesk.fr\/index.php\/wp-json\/wp\/v2\/pages\/33","targetHints":{"allow":["GET"]}}],"collection":[{"href":"https:\/\/www.fidesk.fr\/index.php\/wp-json\/wp\/v2\/pages"}],"about":[{"href":"https:\/\/www.fidesk.fr\/index.php\/wp-json\/wp\/v2\/types\/page"}],"author":[{"embeddable":true,"href":"https:\/\/www.fidesk.fr\/index.php\/wp-json\/wp\/v2\/users\/1"}],"replies":[{"embeddable":true,"href":"https:\/\/www.fidesk.fr\/index.php\/wp-json\/wp\/v2\/comments?post=33"}],"version-history":[{"count":7,"href":"https:\/\/www.fidesk.fr\/index.php\/wp-json\/wp\/v2\/pages\/33\/revisions"}],"predecessor-version":[{"id":192,"href":"https:\/\/www.fidesk.fr\/index.php\/wp-json\/wp\/v2\/pages\/33\/revisions\/192"}],"wp:attachment":[{"href":"https:\/\/www.fidesk.fr\/index.php\/wp-json\/wp\/v2\/media?parent=33"}],"curies":[{"name":"wp","href":"https:\/\/api.w.org\/{rel}","templated":true}]}}